{"id":8758,"date":"2022-04-13T08:49:54","date_gmt":"2022-04-13T08:49:54","guid":{"rendered":"https:\/\/www.bri-industries.com\/wp-global-styles-ekko\/"},"modified":"2023-01-30T08:35:47","modified_gmt":"2023-01-30T08:35:47","slug":"our-references","status":"publish","type":"page","link":"https:\/\/www.bri-industries.com\/en\/our-references\/","title":{"rendered":"Our references"},"content":{"rendered":"<p>[vc_section][vc_row][vc_column]<div class=\"kd-text-rotator kd-rotatorid-69f9d518b1386 text-left  \"><div class=\"kd-text-rotator-container\"><h2 class=\"rotator-single kd-rotator-item-1 \" style=\"\">Our references <\/h2><h2 class=\"rotator-single kd-rotator-item-2 last\" style=\"transition: all 0.5s 1.75s;\">Thanks for those who trusted us !<\/h2><\/div><\/div>[vc_empty_space height=&#8221;16px&#8221;]\r\n                <div class=\"photobox-carousel pbc-parent black-navigation kd-pbc-69f9d518b13ce nav-dots\">\r\n                    <div class=\"pbc-content\"><div class=\"kd-photobox  \" ><div class=\"photobox-img\"><a href=\"https:\/\/www.bri-industries.com\/reference1\/?lang=en\"  title=\"R\u00e9f\u00e9rences\"><img class=\"photocarousel-img\" src=\"https:\/\/www.bri-industries.com\/wp-content\/uploads\/2022\/04\/ref1.jpg\"  \/><\/a><\/div><div class=\"phb-content text-left no-image\" ><h5 >GABES LPG STORAGE AND EXPORT TERMINAL-BRITISH GAS<\/h5><div class=\"phb-btncontainer\">\r\n                      <a href=\"https:\/\/www.bri-industries.com\/reference1\/?lang=en\"  title=\"R\u00e9f\u00e9rences\" class=\"tt_button tt_primary_button btn_primary_color\">Read More<\/a>\r\n                  <\/div><\/div><\/div><div class=\"kd-photobox  \" ><div class=\"photobox-img\"><a href=\"https:\/\/www.bri-industries.com\/reference2\/?lang=en\"  title=\"\"><img class=\"photocarousel-img\" src=\"https:\/\/www.bri-industries.com\/wp-content\/uploads\/2022\/04\/Ref22.jpg\"  \/><\/a><\/div><div class=\"phb-content text-left no-image\" ><h5 >UNIT CRUSHING PET COKE \u2013 POLYSIUS\/CIOK<\/h5><div class=\"phb-btncontainer\">\r\n                      <a href=\"https:\/\/www.bri-industries.com\/reference2\/?lang=en\"  title=\"\" class=\"tt_button tt_primary_button btn_primary_color\">Read more<\/a>\r\n                  <\/div><\/div><\/div><div class=\"kd-photobox  \" ><div class=\"photobox-img\"><a href=\"https:\/\/www.bri-industries.com\/reference-3\/?lang=en\"  title=\"\"><img class=\"photocarousel-img\" src=\"https:\/\/www.bri-industries.com\/wp-content\/uploads\/2022\/04\/ref3.jpg\"  \/><\/a><\/div><div class=\"phb-content text-left no-image\" ><h5 >PET-COKE\/POLYSIUS-CIOK SHREDDING UNIT<\/h5><div class=\"phb-btncontainer\">\r\n                      <a href=\"https:\/\/www.bri-industries.com\/reference-3\/?lang=en\"  title=\"\" class=\"tt_button tt_primary_button btn_primary_color\">Read more<\/a>\r\n                  <\/div><\/div><\/div><div class=\"kd-photobox  \" ><div class=\"photobox-img\"><a href=\"https:\/\/www.bri-industries.com\/reference-4\/?lang=en\"  title=\"\"><img class=\"photocarousel-img\" src=\"https:\/\/www.bri-industries.com\/wp-content\/uploads\/2022\/04\/ref4.jpg\"  \/><\/a><\/div><div class=\"phb-content text-left no-image\" ><h5 >ASSEMBLY WORK<\/h5><div class=\"phb-btncontainer\">\r\n                      <a href=\"https:\/\/www.bri-industries.com\/reference-4\/?lang=en\"  title=\"\" class=\"tt_button tt_primary_button btn_primary_color\">Read more<\/a>\r\n                  <\/div><\/div><\/div><div class=\"kd-photobox  \" ><div class=\"photobox-img\"><a href=\"https:\/\/www.bri-industries.com\/reference5\/?lang=en\"  title=\"\"><img class=\"photocarousel-img\" src=\"https:\/\/www.bri-industries.com\/wp-content\/uploads\/2022\/04\/ref5.jpg\"  \/><\/a><\/div><div class=\"phb-content text-left no-image\" ><h5 >CIMENT KILN FACTORY PART REPLACEMENT<\/h5><div class=\"phb-btncontainer\">\r\n                      <a href=\"https:\/\/www.bri-industries.com\/reference5\/?lang=en\"  title=\"\" class=\"tt_button tt_primary_button btn_primary_color\">Read more<\/a>\r\n                  <\/div><\/div><\/div><div class=\"kd-photobox  \" ><div class=\"photobox-img\"><a href=\"https:\/\/www.bri-industries.com\/reference-6\/?lang=en\"  title=\"\"><img class=\"photocarousel-img\" src=\"https:\/\/www.bri-industries.com\/wp-content\/uploads\/2022\/04\/ref6.jpg\"  \/><\/a><\/div><div class=\"phb-content text-left no-image\" ><h5 >PLATRE ERECTION \/MEDGYP<\/h5><div class=\"phb-btncontainer\">\r\n                      <a href=\"https:\/\/www.bri-industries.com\/reference-6\/?lang=en\"  title=\"\" class=\"tt_button tt_primary_button btn_primary_color\">Read more<\/a>\r\n                  <\/div><\/div><\/div><div class=\"kd-photobox  \" ><div class=\"photobox-img\"><a href=\"https:\/\/www.bri-industries.com\/reference-7\/?lang=en\"  title=\"\"><img class=\"photocarousel-img\" src=\"https:\/\/www.bri-industries.com\/wp-content\/uploads\/2022\/04\/ref7.jpg\"  \/><\/a><\/div><div class=\"phb-content text-left no-image\" ><h5 >COLLECTEUR AGGLOM\u00c9R\u00c9 USINE SID\u00c9RURGIQUE AL HAJJAR ALGERIA -CMI\/ARCELOR M\u00c9TAL<\/h5><div class=\"phb-btncontainer\">\r\n                      <a href=\"https:\/\/www.bri-industries.com\/reference-7\/?lang=en\"  title=\"\" class=\"tt_button tt_primary_button btn_primary_color\">Read more<\/a>\r\n                  <\/div><\/div><\/div><\/div>\r\n                <\/div><script type=\"text\/javascript\">\r\n          \t\t\t\tjQuery(document).ready(function($){\r\n                    if ($(\".photobox-carousel.kd-pbc-69f9d518b13ce .pbc-content\").length) {\r\n                      $(\".photobox-carousel.kd-pbc-69f9d518b13ce .pbc-content\").owlCarousel({\r\n                          stageClass: \"owl-wrapper\",\r\n                          stageOuterClass: \"owl-wrapper-outer\",\r\n                          loadedClass: \"owl-carousel\",\r\n                          responsive:{\r\n                              0:{\r\n                                  items:1,\r\n                                  dots: false,\r\n                                  nav: true,\r\n                                  navSpeed: 500,\r\n                              },\r\n                              768:{\r\n                                  items:2,\r\n                              },\r\n                              1199:{\r\n                                  items:2,\r\n                              },\r\n                              1366:{\r\n                                  items:2,\ndots: true,\r\n                                    dotsEach: true,\r\n                                    nav: false,\r\n                                    dotsSpeed: 500,}\r\n                          },\r\n                          rewind: true,\nautoplay: false,\nautoplayHoverPause: false,addClassActive: true,\r\n                      });\r\n                    }\r\n          \t\t\t\t});\r\n          \t\t\t<\/script>[\/vc_column][\/vc_row][\/vc_section]<\/p>\n","protected":false},"excerpt":{"rendered":"<p>[vc_section][vc_row][vc_column][vc_empty_space height=&#8221;16px&#8221;][\/vc_column][\/vc_row][\/vc_section]<\/p>\n","protected":false},"author":1,"featured_media":8754,"parent":0,"menu_order":0,"comment_status":"closed","ping_status":"closed","template":"","meta":[],"yoast_head":"<!-- This site is optimized with the Yoast SEO plugin v18.7 - https:\/\/yoast.com\/wordpress\/plugins\/seo\/ -->\n<title>Experience in metal structure | BRI Industries Tunisia<\/title>\n<meta name=\"description\" content=\"Join BRI Industries and discover the latest projects in metal construction, fabrication of metal structures, piping and more in Tunisia\" \/>\n<meta name=\"robots\" content=\"index, follow, max-snippet:-1, max-image-preview:large, max-video-preview:-1\" \/>\n<link rel=\"canonical\" href=\"https:\/\/www.bri-industries.com\/en\/our-references\/\" \/>\n<meta property=\"og:locale\" content=\"en_US\" \/>\n<meta property=\"og:type\" content=\"article\" \/>\n<meta property=\"og:title\" content=\"Experience in metal structure | BRI Industries Tunisia\" \/>\n<meta property=\"og:description\" content=\"Join BRI Industries and discover the latest projects in metal construction, fabrication of metal structures, piping and more in Tunisia\" \/>\n<meta property=\"og:url\" content=\"https:\/\/www.bri-industries.com\/en\/our-references\/\" \/>\n<meta property=\"og:site_name\" content=\"BRI Tunisie\" \/>\n<meta property=\"article:modified_time\" content=\"2023-01-30T08:35:47+00:00\" \/>\n<meta property=\"og:image\" content=\"https:\/\/www.bri-industries.com\/wp-content\/uploads\/2022\/04\/BRI-REFERENCES-2.jpeg\" \/>\n\t<meta property=\"og:image:width\" content=\"2400\" \/>\n\t<meta property=\"og:image:height\" content=\"1600\" \/>\n\t<meta property=\"og:image:type\" content=\"image\/jpeg\" \/>\n<meta name=\"twitter:card\" content=\"summary_large_image\" \/>\n<meta name=\"twitter:label1\" content=\"Est. reading time\" \/>\n\t<meta name=\"twitter:data1\" content=\"3 minutes\" \/>\n<script type=\"application\/ld+json\" class=\"yoast-schema-graph\">{\"@context\":\"https:\/\/schema.org\",\"@graph\":[{\"@type\":\"WebSite\",\"@id\":\"https:\/\/www.bri-industries.com\/#website\",\"url\":\"https:\/\/www.bri-industries.com\/\",\"name\":\"BRI Tunisie\",\"description\":\"Leader en construction m\u00e9tallique en Tunisie\",\"potentialAction\":[{\"@type\":\"SearchAction\",\"target\":{\"@type\":\"EntryPoint\",\"urlTemplate\":\"https:\/\/www.bri-industries.com\/?s={search_term_string}\"},\"query-input\":\"required name=search_term_string\"}],\"inLanguage\":\"en-US\"},{\"@type\":\"ImageObject\",\"inLanguage\":\"en-US\",\"@id\":\"https:\/\/www.bri-industries.com\/en\/our-references\/#primaryimage\",\"url\":\"https:\/\/www.bri-industries.com\/wp-content\/uploads\/2022\/04\/BRI-REFERENCES-2.jpeg\",\"contentUrl\":\"https:\/\/www.bri-industries.com\/wp-content\/uploads\/2022\/04\/BRI-REFERENCES-2.jpeg\",\"width\":2400,\"height\":1600},{\"@type\":\"WebPage\",\"@id\":\"https:\/\/www.bri-industries.com\/en\/our-references\/#webpage\",\"url\":\"https:\/\/www.bri-industries.com\/en\/our-references\/\",\"name\":\"Experience in metal structure | BRI Industries Tunisia\",\"isPartOf\":{\"@id\":\"https:\/\/www.bri-industries.com\/#website\"},\"primaryImageOfPage\":{\"@id\":\"https:\/\/www.bri-industries.com\/en\/our-references\/#primaryimage\"},\"datePublished\":\"2022-04-13T08:49:54+00:00\",\"dateModified\":\"2023-01-30T08:35:47+00:00\",\"description\":\"Join BRI Industries and discover the latest projects in metal construction, fabrication of metal structures, piping and more in Tunisia\",\"breadcrumb\":{\"@id\":\"https:\/\/www.bri-industries.com\/en\/our-references\/#breadcrumb\"},\"inLanguage\":\"en-US\",\"potentialAction\":[{\"@type\":\"ReadAction\",\"target\":[\"https:\/\/www.bri-industries.com\/en\/our-references\/\"]}]},{\"@type\":\"BreadcrumbList\",\"@id\":\"https:\/\/www.bri-industries.com\/en\/our-references\/#breadcrumb\",\"itemListElement\":[{\"@type\":\"ListItem\",\"position\":1,\"name\":\"Accueil\",\"item\":\"https:\/\/www.bri-industries.com\/en\/\"},{\"@type\":\"ListItem\",\"position\":2,\"name\":\"Our references\"}]}]}<\/script>\n<!-- \/ Yoast SEO plugin. -->","yoast_head_json":{"title":"Experience in metal structure | BRI Industries Tunisia","description":"Join BRI Industries and discover the latest projects in metal construction, fabrication of metal structures, piping and more in Tunisia","robots":{"index":"index","follow":"follow","max-snippet":"max-snippet:-1","max-image-preview":"max-image-preview:large","max-video-preview":"max-video-preview:-1"},"canonical":"https:\/\/www.bri-industries.com\/en\/our-references\/","og_locale":"en_US","og_type":"article","og_title":"Experience in metal structure | BRI Industries Tunisia","og_description":"Join BRI Industries and discover the latest projects in metal construction, fabrication of metal structures, piping and more in Tunisia","og_url":"https:\/\/www.bri-industries.com\/en\/our-references\/","og_site_name":"BRI Tunisie","article_modified_time":"2023-01-30T08:35:47+00:00","og_image":[{"width":2400,"height":1600,"url":"https:\/\/www.bri-industries.com\/wp-content\/uploads\/2022\/04\/BRI-REFERENCES-2.jpeg","type":"image\/jpeg"}],"twitter_card":"summary_large_image","twitter_misc":{"Est. reading time":"3 minutes"},"schema":{"@context":"https:\/\/schema.org","@graph":[{"@type":"WebSite","@id":"https:\/\/www.bri-industries.com\/#website","url":"https:\/\/www.bri-industries.com\/","name":"BRI Tunisie","description":"Leader en construction m\u00e9tallique en Tunisie","potentialAction":[{"@type":"SearchAction","target":{"@type":"EntryPoint","urlTemplate":"https:\/\/www.bri-industries.com\/?s={search_term_string}"},"query-input":"required name=search_term_string"}],"inLanguage":"en-US"},{"@type":"ImageObject","inLanguage":"en-US","@id":"https:\/\/www.bri-industries.com\/en\/our-references\/#primaryimage","url":"https:\/\/www.bri-industries.com\/wp-content\/uploads\/2022\/04\/BRI-REFERENCES-2.jpeg","contentUrl":"https:\/\/www.bri-industries.com\/wp-content\/uploads\/2022\/04\/BRI-REFERENCES-2.jpeg","width":2400,"height":1600},{"@type":"WebPage","@id":"https:\/\/www.bri-industries.com\/en\/our-references\/#webpage","url":"https:\/\/www.bri-industries.com\/en\/our-references\/","name":"Experience in metal structure | BRI Industries Tunisia","isPartOf":{"@id":"https:\/\/www.bri-industries.com\/#website"},"primaryImageOfPage":{"@id":"https:\/\/www.bri-industries.com\/en\/our-references\/#primaryimage"},"datePublished":"2022-04-13T08:49:54+00:00","dateModified":"2023-01-30T08:35:47+00:00","description":"Join BRI Industries and discover the latest projects in metal construction, fabrication of metal structures, piping and more in Tunisia","breadcrumb":{"@id":"https:\/\/www.bri-industries.com\/en\/our-references\/#breadcrumb"},"inLanguage":"en-US","potentialAction":[{"@type":"ReadAction","target":["https:\/\/www.bri-industries.com\/en\/our-references\/"]}]},{"@type":"BreadcrumbList","@id":"https:\/\/www.bri-industries.com\/en\/our-references\/#breadcrumb","itemListElement":[{"@type":"ListItem","position":1,"name":"Accueil","item":"https:\/\/www.bri-industries.com\/en\/"},{"@type":"ListItem","position":2,"name":"Our references"}]}]}},"_links":{"self":[{"href":"https:\/\/www.bri-industries.com\/en\/wp-json\/wp\/v2\/pages\/8758"}],"collection":[{"href":"https:\/\/www.bri-industries.com\/en\/wp-json\/wp\/v2\/pages"}],"about":[{"href":"https:\/\/www.bri-industries.com\/en\/wp-json\/wp\/v2\/types\/page"}],"author":[{"embeddable":true,"href":"https:\/\/www.bri-industries.com\/en\/wp-json\/wp\/v2\/users\/1"}],"replies":[{"embeddable":true,"href":"https:\/\/www.bri-industries.com\/en\/wp-json\/wp\/v2\/comments?post=8758"}],"version-history":[{"count":15,"href":"https:\/\/www.bri-industries.com\/en\/wp-json\/wp\/v2\/pages\/8758\/revisions"}],"predecessor-version":[{"id":9118,"href":"https:\/\/www.bri-industries.com\/en\/wp-json\/wp\/v2\/pages\/8758\/revisions\/9118"}],"wp:featuredmedia":[{"embeddable":true,"href":"https:\/\/www.bri-industries.com\/en\/wp-json\/wp\/v2\/media\/8754"}],"wp:attachment":[{"href":"https:\/\/www.bri-industries.com\/en\/wp-json\/wp\/v2\/media?parent=8758"}],"curies":[{"name":"wp","href":"https:\/\/api.w.org\/{rel}","templated":true}]}}